{"id":9,"date":"2025-04-02T19:14:55","date_gmt":"2025-04-02T19:14:55","guid":{"rendered":"https:\/\/zamawiamy.store\/?page_id=9"},"modified":"2025-11-21T14:19:32","modified_gmt":"2025-11-21T14:19:32","slug":"home","status":"publish","type":"page","link":"https:\/\/zamawiamy.store\/","title":{"rendered":"Home"},"content":{"rendered":"\n<div style=\"height:86px\" aria-hidden=\"true\" class=\"wp-block-spacer\"><\/div>\n\n\n\n<p class=\"has-text-align-center\"><strong>Co 3 zam\u00f3wienie Gratis \ud83c\udf81  Zarejestruj si\u0119 i zr\u00f3b pierwsze zam\u00f3wienie <\/strong><\/p>\n\n\n\n<div style=\"text-align:center; margin:40px 0; display:flex; flex-direction:column; gap:16px;\">\n\n  <a href=\"https:\/\/pufflab.pro\/?utm_source=tiktok-prokladka&#038;utm_medium=button1&#038;utm_campaign=tiktok_shop&#038;utm_content=go_to_store\"\n     class=\"utm-btn\"\n     style=\"display:inline-block;\n            background:#3aaaff;\n            color:#fff;\n            padding:14px 28px;\n            border-radius:12px;\n            font-size:18px;\n            font-weight:600;\n            text-decoration:none;\n            transition:all .25s ease;\n            box-shadow:0 4px 12px rgba(0,0,0,0.18);\">\n    \ud83d\uded2 Przejd\u017a do sklepu\n  <\/a>\n\n  <a href=\"https:\/\/pufflab.pro\/?utm_source=tiktok-prokladka&#038;utm_medium=button2&#038;utm_campaign=tiktok_shop&#038;utm_content=go_to_store\"\n     class=\"utm-btn\"\n     style=\"display:inline-block;\n            background:#3aaaff;\n            color:#fff;\n            padding:14px 28px;\n            border-radius:12px;\n            font-size:18px;\n            font-weight:600;\n            text-decoration:none;\n            transition:all .25s ease;\n            box-shadow:0 4px 12px rgba(0,0,0,0.18);\">\n    Jednorazowe 15\u201340k\n  <\/a>\n\n  <a href=\"https:\/\/pufflab.pro\/?utm_source=tiktok-prokladka&#038;utm_medium=button3&#038;utm_campaign=tiktok_shop&#038;utm_content=go_to_store\"\n     class=\"utm-btn\"\n     style=\"display:inline-block;\n            background:#3aaaff;\n            color:#fff;\n            padding:14px 28px;\n            border-radius:12px;\n            font-size:18px;\n            font-weight:600;\n            text-decoration:none;\n            transition:all .25s ease;\n            box-shadow:0 4px 12px rgba(0,0,0,0.18);\">\n    Opinie\n  <\/a>\n\n<\/div>\n\n<script>\n(function(){\n  function mergeUTM(base){\n    try{\n      const u = new URL(base);\n      const params = new URLSearchParams(window.location.search);\n      params.forEach((v,k)=>{\n        if(k.startsWith('utm_') && !u.searchParams.has(k)){\n          u.searchParams.set(k,v);\n        }\n      });\n      return u.toString();\n    }catch(e){return base;}\n  }\n\n  document.querySelectorAll('.utm-btn').forEach(btn=>{\n    btn.href = mergeUTM(btn.href);\n\n    \/\/ hover\n    btn.addEventListener('mouseenter', ()=> btn.style.background = '#62bdff');\n    btn.addEventListener('mouseleave', ()=> btn.style.background = '#3aaaff');\n  });\n})();\n<\/script>\n\n\n\n\n<div class=\"wp-block-columns is-layout-flex wp-container-core-columns-is-layout-28f84493 wp-block-columns-is-layout-flex\">\n<div class=\"wp-block-column is-layout-flow wp-block-column-is-layout-flow\" style=\"flex-basis:100%\"><\/div>\n<\/div>\n\n\n\n<div style=\"height:45px\" aria-hidden=\"true\" class=\"wp-block-spacer\"><\/div>\n\n\n\n<div class=\"wp-block-group alignfull is-layout-constrained wp-block-group-is-layout-constrained\" id=\"services\" style=\"padding-top:144px;padding-bottom:0px\">\n<h1 class=\"wp-block-heading has-text-align-center wp-container-content-9d5fa06b\" style=\"font-size:25px\"><strong>Nasz Blog<\/strong><br>&#8220;<strong>nowo\u015bci, recenzje, porady<\/strong>&#8220;<\/h1>\n\n\n\n<div class=\"wp-block-columns is-layout-flex wp-container-core-columns-is-layout-60cbf9bb wp-block-columns-is-layout-flex\" style=\"margin-top:50px\">\n<div class=\"wp-block-column is-layout-flow wp-container-core-column-is-layout-6b73ce23 wp-block-column-is-layout-flow\">\n<figure class=\"wp-block-image aligncenter size-full is-resized has-custom-border\"><a href=\"https:\/\/zamawiamy.store\/?p=50\"><img decoding=\"async\" src=\"https:\/\/zamawiamy.store\/wp-content\/themes\/astra\/inc\/assets\/images\/starter-content\/branding.jpg\" alt=\"\" class=\"wp-image-230\" style=\"border-style:none;border-width:0px;border-radius:55px;width:150px\"\/><\/a><\/figure>\n\n\n\n<h3 class=\"wp-block-heading has-text-align-center\" style=\"margin-top:16px\">Jaki smak wybra\u0107?<\/h3>\n\n\n\n<p>Wyb\u00f3r odpowiedniego smaku zale\u017cy od Twoich preferencji i nastroju. Oto kilka wskaz\u00f3wek, kt\u00f3re pomog\u0105 Ci dokona\u0107 najlepszego wyboru&#8230; <a href=\"https:\/\/zamawiamy.store\/?p=50\">Wi\u0119cej<\/a><\/p>\n<\/div>\n\n\n\n<div class=\"wp-block-column is-layout-flow wp-container-core-column-is-layout-6b73ce23 wp-block-column-is-layout-flow\">\n<figure class=\"wp-block-image aligncenter size-full is-resized has-custom-border\"><a href=\"https:\/\/zamawiamy.store\/?p=80\"><img decoding=\"async\" src=\"https:\/\/zamawiamy.store\/wp-content\/themes\/astra\/inc\/assets\/images\/starter-content\/graphic.jpg\" alt=\"\" class=\"wp-image-232\" style=\"border-radius:55px;width:150px\"\/><\/a><\/figure>\n\n\n\n<h3 class=\"wp-block-heading has-text-align-center\" style=\"margin-top:16px\">Najlepsze marki <\/h3>\n\n\n\n<p><strong>Elf<\/strong> \u2013 kultowe intensywne urz\u0105dzenia o d\u0142ugiej \u017cywotno\u015bci. <strong>AK<\/strong> &#8211; stylowy design i wyj\u0105tkowe profile smakowe. <a href=\"https:\/\/zamawiamy.store\/?p=80\">Wi\u0119cej<\/a><\/p>\n<\/div>\n\n\n\n<div class=\"wp-block-column is-layout-flow wp-container-core-column-is-layout-6b73ce23 wp-block-column-is-layout-flow\">\n<figure class=\"wp-block-image aligncenter size-full is-resized has-custom-border\"><img decoding=\"async\" src=\"https:\/\/zamawiamy.store\/wp-content\/themes\/astra\/inc\/assets\/images\/starter-content\/web.jpg\" alt=\"\" class=\"wp-image-231\" style=\"border-radius:55px;width:150px\"\/><\/figure>\n\n\n\n<h3 class=\"wp-block-heading has-text-align-center\" style=\"margin-top:16px\">3 smaki w 1 urz\u0105deniu?<\/h3>\n\n\n\n<p>Tak! To nowoczesne rozwi\u0105zanie, kt\u00f3re pozwala na prze\u0142\u0105czanie mi\u0119dzy trzema aromatami. Dzi\u0119ki temu mo\u017cesz cieszy\u0107 si\u0119 r\u00f3\u017cnorodno\u015bci\u0105 smak\u00f3w bez konieczno\u015bci zmiany urz\u0105dzenia.<\/p>\n<\/div>\n<\/div>\n<\/div>\n\n\n\n<ul class=\"wp-block-social-links is-layout-flex wp-block-social-links-is-layout-flex\"><\/ul>\n\n\n\n<div class=\"wp-block-group alignfull is-layout-constrained wp-container-core-group-is-layout-3fee123f wp-block-group-is-layout-constrained\" id=\"whyus\" style=\"padding-top:144px;padding-bottom:144px\">\n<h2 class=\"wp-block-heading has-text-align-center\">FAQ<\/h2>\n\n\n\n<div class=\"wp-block-columns is-layout-flex wp-container-core-columns-is-layout-29aadeec wp-block-columns-is-layout-flex\" style=\"margin-top:60px\">\n<div class=\"wp-block-column is-layout-flow wp-container-core-column-is-layout-6b73ce23 wp-block-column-is-layout-flow\">\n<figure class=\"wp-block-image aligncenter size-large\"><img decoding=\"async\" src=\"https:\/\/zamawiamy.store\/wp-content\/themes\/astra\/inc\/assets\/images\/starter-content\/passionate.svg\" alt=\"\" class=\"wp-image-162\"\/><\/figure>\n\n\n\n<h3 class=\"wp-block-heading has-text-align-center\" style=\"margin-top:16px\">Czy produkty s\u0105 oryginalne ?<\/h3>\n\n\n\n<p class=\"has-small-font-size\">Mo\u017cesz mie\u0107 pewno\u015b\u0107 autentyczno\u015bci naszych produkt\u00f3w. Oferujemy wy\u0142\u0105cznie oryginalne produkty, kt\u00f3re ka\u017cdy z Was mo\u017ce \u0142atwo zweryfikowa\u0107 za pomoc\u0105 kodu QR na oficjalnych stronach producent\u00f3w.<\/p>\n<\/div>\n\n\n\n<div class=\"wp-block-column is-layout-flow wp-container-core-column-is-layout-6b73ce23 wp-block-column-is-layout-flow\">\n<figure class=\"wp-block-image aligncenter size-large\"><img decoding=\"async\" src=\"https:\/\/zamawiamy.store\/wp-content\/themes\/astra\/inc\/assets\/images\/starter-content\/professional.svg\" alt=\"\" class=\"wp-image-163\"\/><\/figure>\n\n\n\n<h3 class=\"wp-block-heading has-text-align-center\" style=\"margin-top:16px\">Co mam zrobi\u0107, je\u015bli urz\u0105dzenie nie dzia\u0142a?<\/h3>\n\n\n\n<p class=\"has-text-align-left has-small-font-size\">W przypadku problem\u00f3w z urz\u0105dzeniem natychmiast skontaktujcie si\u0119 z nami na Instagramie lub e-mail. Nasz zesp\u00f3\u0142 jest gotowy do szybkiego i skutecznego rozwi\u0105zania problemu. Prosimy o podanie szczeg\u00f3\u0142\u00f3w usterki oraz do\u0142\u0105czenie zdj\u0119cia lub filmu dla dok\u0142adniejszej analizy.<\/p>\n<\/div>\n\n\n\n<div class=\"wp-block-column is-layout-flow wp-container-core-column-is-layout-6b73ce23 wp-block-column-is-layout-flow\">\n<figure class=\"wp-block-image aligncenter size-large\"><img decoding=\"async\" src=\"https:\/\/zamawiamy.store\/wp-content\/themes\/astra\/inc\/assets\/images\/starter-content\/support.svg\" alt=\"\" class=\"wp-image-164\"\/><\/figure>\n\n\n\n<h3 class=\"wp-block-heading has-text-align-center\" style=\"margin-top:16px\">Kontakt<\/h3>\n\n\n\n<p class=\"has-text-align-center has-small-font-size\">Tel.: +48957156001<\/p>\n<\/div>\n<\/div>\n<\/div>\n\n\n\n\n\n<div class=\"wp-block-group alignfull has-background-color is-layout-constrained wp-container-core-group-is-layout-5d2f8bdc wp-block-group-is-layout-constrained\" style=\"margin-top:0;margin-bottom:0;padding-top:var(--wp--preset--spacing--40);padding-right:var(--wp--preset--spacing--30);padding-bottom:var(--wp--preset--spacing--40);padding-left:var(--wp--preset--spacing--30)\">\n<div class=\"wp-block-group alignwide is-content-justification-space-between is-layout-flex wp-container-core-group-is-layout-b585a4aa wp-block-group-is-layout-flex\">\n<div class=\"wp-block-group is-layout-flex wp-block-group-is-layout-flex\"><nav class=\"has-small-font-size is-responsive items-justified-left wp-block-navigation is-content-justification-left is-layout-flex wp-container-core-navigation-is-layout-8eed085e wp-block-navigation-is-layout-flex\" aria-label=\"Primary\" \n\t\t data-wp-interactive=\"core\/navigation\" data-wp-context='{\"overlayOpenedBy\":{\"click\":false,\"hover\":false,\"focus\":false},\"type\":\"overlay\",\"roleAttribute\":\"\",\"ariaLabel\":\"Menu\"}'><button aria-haspopup=\"dialog\" aria-label=\"Open menu\" class=\"wp-block-navigation__responsive-container-open\" \n\t\t\t\tdata-wp-on--click=\"actions.openMenuOnClick\"\n\t\t\t\tdata-wp-on--keydown=\"actions.handleMenuKeydown\"\n\t\t\t><svg width=\"24\" height=\"24\" xmlns=\"http:\/\/www.w3.org\/2000\/svg\" viewBox=\"0 0 24 24\" aria-hidden=\"true\" focusable=\"false\"><path d=\"M4 7.5h16v1.5H4z\"><\/path><path d=\"M4 15h16v1.5H4z\"><\/path><\/svg><\/button>\n\t\t\t\t<div class=\"wp-block-navigation__responsive-container\"  id=\"modal-1\" \n\t\t\t\tdata-wp-class--has-modal-open=\"state.isMenuOpen\"\n\t\t\t\tdata-wp-class--is-menu-open=\"state.isMenuOpen\"\n\t\t\t\tdata-wp-watch=\"callbacks.initMenu\"\n\t\t\t\tdata-wp-on--keydown=\"actions.handleMenuKeydown\"\n\t\t\t\tdata-wp-on--focusout=\"actions.handleMenuFocusout\"\n\t\t\t\ttabindex=\"-1\"\n\t\t\t>\n\t\t\t\t\t<div class=\"wp-block-navigation__responsive-close\" tabindex=\"-1\">\n\t\t\t\t\t\t<div class=\"wp-block-navigation__responsive-dialog\" \n\t\t\t\tdata-wp-bind--aria-modal=\"state.ariaModal\"\n\t\t\t\tdata-wp-bind--aria-label=\"state.ariaLabel\"\n\t\t\t\tdata-wp-bind--role=\"state.roleAttribute\"\n\t\t\t>\n\t\t\t\t\t\t\t<button aria-label=\"Close menu\" class=\"wp-block-navigation__responsive-container-close\" \n\t\t\t\tdata-wp-on--click=\"actions.closeMenuOnClick\"\n\t\t\t><svg xmlns=\"http:\/\/www.w3.org\/2000\/svg\" viewBox=\"0 0 24 24\" width=\"24\" height=\"24\" aria-hidden=\"true\" focusable=\"false\"><path d=\"m13.06 12 6.47-6.47-1.06-1.06L12 10.94 5.53 4.47 4.47 5.53 10.94 12l-6.47 6.47 1.06 1.06L12 13.06l6.47 6.47 1.06-1.06L13.06 12Z\"><\/path><\/svg><\/button>\n\t\t\t\t\t\t\t<div class=\"wp-block-navigation__responsive-container-content\" \n\t\t\t\tdata-wp-watch=\"callbacks.focusFirstElement\"\n\t\t\t id=\"modal-1-content\">\n\t\t\t\t\t\t\t\t<ul class=\"wp-block-navigation__container has-small-font-size is-responsive items-justified-left wp-block-navigation has-small-font-size\"><li class=\"has-small-font-size wp-block-navigation-item  menu-item menu-item-type-post_type menu-item-object-page menu-item-home wp-block-navigation-link\"><a class=\"wp-block-navigation-item__content\"  href=\"https:\/\/zamawiamy.store\/\" title=\"\"><span class=\"wp-block-navigation-item__label\">Home<\/span><\/a><\/li><li class=\"has-small-font-size wp-block-navigation-item wp-block-navigation-link\"><a class=\"wp-block-navigation-item__content\"  href=\"https:\/\/zamawiamy.store\/?page_id=3\"><span class=\"wp-block-navigation-item__label\">Privacy Policy<\/span><\/a><\/li><li class=\"has-small-font-size wp-block-navigation-item wp-block-navigation-link\"><a class=\"wp-block-navigation-item__content\"  href=\"https:\/\/zamawiamy.store\/?page_id=41\"><span class=\"wp-block-navigation-item__label\">Terms of Service<\/span><\/a><\/li><\/ul>\n\t\t\t\t\t\t\t<\/div>\n\t\t\t\t\t\t<\/div>\n\t\t\t\t\t<\/div>\n\t\t\t\t<\/div><\/nav><\/div>\n\n\n\n<p class=\"has-small-font-size\"><\/p>\n<\/div>\n<\/div>\n","protected":false},"excerpt":{"rendered":"<p>Co 3 zam\u00f3wienie Gratis \ud83c\udf81 Zarejestruj si\u0119 i zr\u00f3b pierwsze zam\u00f3wienie \ud83d\uded2 Przejd\u017a do sklepu Jednorazowe 15\u201340k Opinie Nasz Blog&#8220;nowo\u015bci, recenzje, porady&#8220; Jaki smak wybra\u0107? Wyb\u00f3r odpowiedniego smaku zale\u017cy od Twoich preferencji i nastroju. Oto kilka wskaz\u00f3wek, kt\u00f3re pomog\u0105 Ci dokona\u0107 najlepszego wyboru&#8230; Wi\u0119cej Najlepsze marki Elf \u2013 kultowe intensywne urz\u0105dzenia o d\u0142ugiej \u017cywotno\u015bci. AK [&hellip;]<\/p>\n","protected":false},"author":1,"featured_media":0,"parent":0,"menu_order":0,"comment_status":"open","ping_status":"closed","template":"","meta":{"site-sidebar-layout":"no-sidebar","site-content-layout":"plain-container","ast-site-content-layout":"","site-content-style":"default","site-sidebar-style":"default","ast-global-header-display":"","ast-banner-title-visibility":"","ast-main-header-display":"","ast-hfb-above-header-display":"","ast-hfb-below-header-display":"","ast-hfb-mobile-header-display":"","site-post-title":"disabled","ast-breadcrumbs-content":"","ast-featured-img":"","footer-sml-layout":"","theme-transparent-header-meta":"enabled","adv-header-id-meta":"","stick-header-meta":"","header-above-stick-meta":"","header-main-stick-meta":"","header-below-stick-meta":"","astra-migrate-meta-layouts":"default","ast-page-background-enabled":"default","ast-page-background-meta":{"desktop":{"background-color":"var(--ast-global-color-5)","background-image":"","background-repeat":"repeat","background-position":"center center","background-size":"auto","background-attachment":"scroll","background-type":"","background-media":"","overlay-type":"","overlay-color":"","overlay-opacity":"","overlay-gradient":""},"tablet":{"background-color":"","background-image":"","background-repeat":"repeat","background-position":"center center","background-size":"auto","background-attachment":"scroll","background-type":"","background-media":"","overlay-type":"","overlay-color":"","overlay-opacity":"","overlay-gradient":""},"mobile":{"background-color":"","background-image":"","background-repeat":"repeat","background-position":"center center","background-size":"auto","background-attachment":"scroll","background-type":"","background-media":"","overlay-type":"","overlay-color":"","overlay-opacity":"","overlay-gradient":""}},"ast-content-background-meta":{"desktop":{"background-color":"var(--ast-global-color-4)","background-image":"","background-repeat":"repeat","background-position":"center center","background-size":"auto","background-attachment":"scroll","background-type":"","background-media":"","overlay-type":"","overlay-color":"","overlay-opacity":"","overlay-gradient":""},"tablet":{"background-color":"var(--ast-global-color-4)","background-image":"","background-repeat":"repeat","background-position":"center center","background-size":"auto","background-attachment":"scroll","background-type":"","background-media":"","overlay-type":"","overlay-color":"","overlay-opacity":"","overlay-gradient":""},"mobile":{"background-color":"var(--ast-global-color-4)","background-image":"","background-repeat":"repeat","background-position":"center center","background-size":"auto","background-attachment":"scroll","background-type":"","background-media":"","overlay-type":"","overlay-color":"","overlay-opacity":"","overlay-gradient":""}},"footnotes":""},"class_list":["post-9","page","type-page","status-publish","hentry"],"yoast_head":"<!-- This site is optimized with the Yoast SEO plugin v25.2 - https:\/\/yoast.com\/wordpress\/plugins\/seo\/ -->\n<title>Home -<\/title>\n<meta name=\"description\" content=\"Wszystko o jednorazowych urz\u0105dzeniach: Nowo\u015bci, recenzje, porady. Wyb\u00f3r odpowiedniego smaku, modeli, producenta. Online\" \/>\n<meta name=\"robots\" content=\"index, follow, max-snippet:-1, max-image-preview:large, max-video-preview:-1\" \/>\n<link rel=\"canonical\" href=\"https:\/\/zamawiamy.store\/\" \/>\n<meta property=\"og:locale\" content=\"en_US\" \/>\n<meta property=\"og:type\" content=\"article\" \/>\n<meta property=\"og:title\" content=\"Home -\" \/>\n<meta property=\"og:description\" content=\"Wszystko o jednorazowych urz\u0105dzeniach: Nowo\u015bci, recenzje, porady. Wyb\u00f3r odpowiedniego smaku, modeli, producenta. Online\" \/>\n<meta property=\"og:url\" content=\"https:\/\/zamawiamy.store\/\" \/>\n<meta property=\"article:modified_time\" content=\"2025-11-21T14:19:32+00:00\" \/>\n<meta name=\"twitter:card\" content=\"summary_large_image\" \/>\n<meta name=\"twitter:label1\" content=\"Est. reading time\" \/>\n\t<meta name=\"twitter:data1\" content=\"2 minutes\" \/>\n<script type=\"application\/ld+json\" class=\"yoast-schema-graph\">{\"@context\":\"https:\/\/schema.org\",\"@graph\":[{\"@type\":\"WebPage\",\"@id\":\"https:\/\/zamawiamy.store\/\",\"url\":\"https:\/\/zamawiamy.store\/\",\"name\":\"Home -\",\"isPartOf\":{\"@id\":\"https:\/\/zamawiamy-pl-f73492.ingress-daribow.ewp.live\/#website\"},\"primaryImageOfPage\":{\"@id\":\"https:\/\/zamawiamy.store\/#primaryimage\"},\"image\":{\"@id\":\"https:\/\/zamawiamy.store\/#primaryimage\"},\"thumbnailUrl\":\"https:\/\/zamawiamy.store\/wp-content\/themes\/astra\/inc\/assets\/images\/starter-content\/branding.jpg\",\"datePublished\":\"2025-04-02T19:14:55+00:00\",\"dateModified\":\"2025-11-21T14:19:32+00:00\",\"description\":\"Wszystko o jednorazowych urz\u0105dzeniach: Nowo\u015bci, recenzje, porady. Wyb\u00f3r odpowiedniego smaku, modeli, producenta. Online\",\"breadcrumb\":{\"@id\":\"https:\/\/zamawiamy.store\/#breadcrumb\"},\"inLanguage\":\"en-US\",\"potentialAction\":[{\"@type\":\"ReadAction\",\"target\":[\"https:\/\/zamawiamy.store\/\"]}]},{\"@type\":\"ImageObject\",\"inLanguage\":\"en-US\",\"@id\":\"https:\/\/zamawiamy.store\/#primaryimage\",\"url\":\"\",\"contentUrl\":\"\"},{\"@type\":\"BreadcrumbList\",\"@id\":\"https:\/\/zamawiamy.store\/#breadcrumb\",\"itemListElement\":[{\"@type\":\"ListItem\",\"position\":1,\"name\":\"Home\",\"item\":\"https:\/\/zamawiamy.store\/\"},{\"@type\":\"ListItem\",\"position\":2,\"name\":\"Home\"}]},{\"@type\":\"WebSite\",\"@id\":\"https:\/\/zamawiamy-pl-f73492.ingress-daribow.ewp.live\/#website\",\"url\":\"https:\/\/zamawiamy-pl-f73492.ingress-daribow.ewp.live\/\",\"name\":\"\",\"description\":\"\",\"potentialAction\":[{\"@type\":\"SearchAction\",\"target\":{\"@type\":\"EntryPoint\",\"urlTemplate\":\"https:\/\/zamawiamy-pl-f73492.ingress-daribow.ewp.live\/?s={search_term_string}\"},\"query-input\":{\"@type\":\"PropertyValueSpecification\",\"valueRequired\":true,\"valueName\":\"search_term_string\"}}],\"inLanguage\":\"en-US\"}]}<\/script>\n<!-- \/ Yoast SEO plugin. -->","yoast_head_json":{"title":"Home -","description":"Wszystko o jednorazowych urz\u0105dzeniach: Nowo\u015bci, recenzje, porady. Wyb\u00f3r odpowiedniego smaku, modeli, producenta. Online","robots":{"index":"index","follow":"follow","max-snippet":"max-snippet:-1","max-image-preview":"max-image-preview:large","max-video-preview":"max-video-preview:-1"},"canonical":"https:\/\/zamawiamy.store\/","og_locale":"en_US","og_type":"article","og_title":"Home -","og_description":"Wszystko o jednorazowych urz\u0105dzeniach: Nowo\u015bci, recenzje, porady. Wyb\u00f3r odpowiedniego smaku, modeli, producenta. Online","og_url":"https:\/\/zamawiamy.store\/","article_modified_time":"2025-11-21T14:19:32+00:00","twitter_card":"summary_large_image","twitter_misc":{"Est. reading time":"2 minutes"},"schema":{"@context":"https:\/\/schema.org","@graph":[{"@type":"WebPage","@id":"https:\/\/zamawiamy.store\/","url":"https:\/\/zamawiamy.store\/","name":"Home -","isPartOf":{"@id":"https:\/\/zamawiamy-pl-f73492.ingress-daribow.ewp.live\/#website"},"primaryImageOfPage":{"@id":"https:\/\/zamawiamy.store\/#primaryimage"},"image":{"@id":"https:\/\/zamawiamy.store\/#primaryimage"},"thumbnailUrl":"https:\/\/zamawiamy.store\/wp-content\/themes\/astra\/inc\/assets\/images\/starter-content\/branding.jpg","datePublished":"2025-04-02T19:14:55+00:00","dateModified":"2025-11-21T14:19:32+00:00","description":"Wszystko o jednorazowych urz\u0105dzeniach: Nowo\u015bci, recenzje, porady. Wyb\u00f3r odpowiedniego smaku, modeli, producenta. Online","breadcrumb":{"@id":"https:\/\/zamawiamy.store\/#breadcrumb"},"inLanguage":"en-US","potentialAction":[{"@type":"ReadAction","target":["https:\/\/zamawiamy.store\/"]}]},{"@type":"ImageObject","inLanguage":"en-US","@id":"https:\/\/zamawiamy.store\/#primaryimage","url":"","contentUrl":""},{"@type":"BreadcrumbList","@id":"https:\/\/zamawiamy.store\/#breadcrumb","itemListElement":[{"@type":"ListItem","position":1,"name":"Home","item":"https:\/\/zamawiamy.store\/"},{"@type":"ListItem","position":2,"name":"Home"}]},{"@type":"WebSite","@id":"https:\/\/zamawiamy-pl-f73492.ingress-daribow.ewp.live\/#website","url":"https:\/\/zamawiamy-pl-f73492.ingress-daribow.ewp.live\/","name":"","description":"","potentialAction":[{"@type":"SearchAction","target":{"@type":"EntryPoint","urlTemplate":"https:\/\/zamawiamy-pl-f73492.ingress-daribow.ewp.live\/?s={search_term_string}"},"query-input":{"@type":"PropertyValueSpecification","valueRequired":true,"valueName":"search_term_string"}}],"inLanguage":"en-US"}]}},"_links":{"self":[{"href":"https:\/\/zamawiamy.store\/index.php?rest_route=\/wp\/v2\/pages\/9","targetHints":{"allow":["GET"]}}],"collection":[{"href":"https:\/\/zamawiamy.store\/index.php?rest_route=\/wp\/v2\/pages"}],"about":[{"href":"https:\/\/zamawiamy.store\/index.php?rest_route=\/wp\/v2\/types\/page"}],"author":[{"embeddable":true,"href":"https:\/\/zamawiamy.store\/index.php?rest_route=\/wp\/v2\/users\/1"}],"replies":[{"embeddable":true,"href":"https:\/\/zamawiamy.store\/index.php?rest_route=%2Fwp%2Fv2%2Fcomments&post=9"}],"version-history":[{"count":4,"href":"https:\/\/zamawiamy.store\/index.php?rest_route=\/wp\/v2\/pages\/9\/revisions"}],"predecessor-version":[{"id":194,"href":"https:\/\/zamawiamy.store\/index.php?rest_route=\/wp\/v2\/pages\/9\/revisions\/194"}],"wp:attachment":[{"href":"https:\/\/zamawiamy.store\/index.php?rest_route=%2Fwp%2Fv2%2Fmedia&parent=9"}],"curies":[{"name":"wp","href":"https:\/\/api.w.org\/{rel}","templated":true}]}}